{"id":2452,"date":"2024-11-04T17:32:30","date_gmt":"2024-11-04T22:32:30","guid":{"rendered":"https:\/\/bioconsul.com\/panier\/"},"modified":"2025-01-30T13:53:57","modified_gmt":"2025-01-30T13:53:57","slug":"panier","status":"publish","type":"page","link":"https:\/\/bioconsul.com\/fr\/panier\/","title":{"rendered":"Panier"},"content":{"rendered":"<div data-elementor-type=\"wp-page\" data-elementor-id=\"2452\" class=\"elementor elementor-2452\" data-elementor-post-type=\"page\">\n\t\t\t\t<div class=\"elementor-element elementor-element-359f5e97 e-flex e-con-boxed e-con e-parent\" data-id=\"359f5e97\" data-element_type=\"container\" data-e-type=\"container\">\n\t\t\t\t\t<div class=\"e-con-inner\">\n\t\t\t\t\t<\/div>\n\t\t\t\t<\/div>\n\t\t\t\t<\/div>","protected":false},"excerpt":{"rendered":"<p>Supprimer l\u2019\u00e9l\u00e9ment Miniature Produit Prix Quantit\u00e9 Sous-total &times; La tra\u00e7abilit\u00e9 dans l\u2019industrie agroalimentaire&nbsp; 250.00&#36; quantit\u00e9 de La tra\u00e7abilit\u00e9 dans l\u2019industrie agroalimentaire 250.00&#36; &times; Conduire des audits efficaces SMSA&nbsp; 350.00&#36; quantit\u00e9 de Conduire des audits efficaces SMSA 350.00&#36; Mise \u00e0 jour le panier Totaux du panier Sous-total 600.00&#36; Total 600.00&#36; Passer \u00e0 la commande<\/p>","protected":false},"author":1,"featured_media":0,"parent":0,"menu_order":0,"comment_status":"closed","ping_status":"closed","template":"elementor_header_footer","meta":{"footnotes":""},"class_list":["post-2452","page","type-page","status-publish","hentry"],"_links":{"self":[{"href":"https:\/\/bioconsul.com\/fr\/wp-json\/wp\/v2\/pages\/2452","targetHints":{"allow":["GET"]}}],"collection":[{"href":"https:\/\/bioconsul.com\/fr\/wp-json\/wp\/v2\/pages"}],"about":[{"href":"https:\/\/bioconsul.com\/fr\/wp-json\/wp\/v2\/types\/page"}],"author":[{"embeddable":true,"href":"https:\/\/bioconsul.com\/fr\/wp-json\/wp\/v2\/users\/1"}],"replies":[{"embeddable":true,"href":"https:\/\/bioconsul.com\/fr\/wp-json\/wp\/v2\/comments?post=2452"}],"version-history":[{"count":7,"href":"https:\/\/bioconsul.com\/fr\/wp-json\/wp\/v2\/pages\/2452\/revisions"}],"predecessor-version":[{"id":6719,"href":"https:\/\/bioconsul.com\/fr\/wp-json\/wp\/v2\/pages\/2452\/revisions\/6719"}],"wp:attachment":[{"href":"https:\/\/bioconsul.com\/fr\/wp-json\/wp\/v2\/media?parent=2452"}],"curies":[{"name":"wp","href":"https:\/\/api.w.org\/{rel}","templated":true}]}}